{"id":38,"date":"2020-02-15T17:14:05","date_gmt":"2020-02-15T16:14:05","guid":{"rendered":"http:\/\/sablage-titeux.be\/?page_id=38"},"modified":"2020-02-15T18:15:13","modified_gmt":"2020-02-15T17:15:13","slug":"avant-apres","status":"publish","type":"page","link":"https:\/\/sablage-titeux.be\/?page_id=38","title":{"rendered":"Avant &#8211; Apr\u00e8s"},"content":{"rendered":"\n<figure class=\"wp-block-image size-large is-resized\"><img decoding=\"async\" loading=\"lazy\" src=\"http:\/\/sablage-titeux.be\/wp-content\/uploads\/2020\/02\/received_456323284726358.jpg\" alt=\"\" class=\"wp-image-51\" width=\"621\" height=\"465\" srcset=\"https:\/\/sablage-titeux.be\/wp-content\/uploads\/2020\/02\/received_456323284726358.jpg 1136w, https:\/\/sablage-titeux.be\/wp-content\/uploads\/2020\/02\/received_456323284726358-300x225.jpg 300w, https:\/\/sablage-titeux.be\/wp-content\/uploads\/2020\/02\/received_456323284726358-768x576.jpg 768w, https:\/\/sablage-titeux.be\/wp-content\/uploads\/2020\/02\/received_456323284726358-400x300.jpg 400w\" sizes=\"(max-width: 621px) 100vw, 621px\" \/><figcaption>Redonnez \u00e0 votre maison son \u00e9clat d&rsquo;origine !<\/figcaption><\/figure>\n\n\n\n<p class=\"has-text-align-center\">Vos murs ont \u00e9t\u00e9 peints, votre garage annex\u00e9 est en bloc ?<\/p>\n\n\n\n<figure class=\"is-layout-flex wp-block-gallery-1 wp-block-gallery columns-2 is-cropped\"><ul class=\"blocks-gallery-grid\"><li class=\"blocks-gallery-item\"><figure><a href=\"http:\/\/sablage-titeux.be\/wp-content\/uploads\/2020\/02\/1.jpg\"><img decoding=\"async\" loading=\"lazy\" width=\"1500\" height=\"1004\" src=\"http:\/\/sablage-titeux.be\/wp-content\/uploads\/2020\/02\/1.jpg\" alt=\"\" data-id=\"40\" data-full-url=\"http:\/\/sablage-titeux.be\/wp-content\/uploads\/2020\/02\/1.jpg\" data-link=\"http:\/\/sablage-titeux.be\/?attachment_id=40\" class=\"wp-image-40\" srcset=\"https:\/\/sablage-titeux.be\/wp-content\/uploads\/2020\/02\/1.jpg 1500w, https:\/\/sablage-titeux.be\/wp-content\/uploads\/2020\/02\/1-300x201.jpg 300w, https:\/\/sablage-titeux.be\/wp-content\/uploads\/2020\/02\/1-768x514.jpg 768w, https:\/\/sablage-titeux.be\/wp-content\/uploads\/2020\/02\/1-448x300.jpg 448w\" sizes=\"(max-width: 1500px) 100vw, 1500px\" \/><\/a><figcaption class=\"blocks-gallery-item__caption\">Pierres peintes<\/figcaption><\/figure><\/li><li class=\"blocks-gallery-item\"><figure><a href=\"http:\/\/sablage-titeux.be\/wp-content\/uploads\/2020\/02\/3.jpg\"><img decoding=\"async\" loading=\"lazy\" width=\"1500\" height=\"1004\" src=\"http:\/\/sablage-titeux.be\/wp-content\/uploads\/2020\/02\/3.jpg\" alt=\"\" data-id=\"41\" data-full-url=\"http:\/\/sablage-titeux.be\/wp-content\/uploads\/2020\/02\/3.jpg\" data-link=\"http:\/\/sablage-titeux.be\/?attachment_id=41\" class=\"wp-image-41\" srcset=\"https:\/\/sablage-titeux.be\/wp-content\/uploads\/2020\/02\/3.jpg 1500w, https:\/\/sablage-titeux.be\/wp-content\/uploads\/2020\/02\/3-300x201.jpg 300w, https:\/\/sablage-titeux.be\/wp-content\/uploads\/2020\/02\/3-768x514.jpg 768w, https:\/\/sablage-titeux.be\/wp-content\/uploads\/2020\/02\/3-448x300.jpg 448w\" sizes=\"(max-width: 1500px) 100vw, 1500px\" \/><\/a><figcaption class=\"blocks-gallery-item__caption\">Garage en blocs<\/figcaption><\/figure><\/li><\/ul><\/figure>\n\n\n\n<p class=\"has-text-align-center\">Voici ce que nous pouvons faire \ud83d\ude42<\/p>\n\n\n\n<figure class=\"is-layout-flex wp-block-gallery-3 wp-block-gallery columns-2 is-cropped\"><ul class=\"blocks-gallery-grid\"><li class=\"blocks-gallery-item\"><figure><a href=\"http:\/\/sablage-titeux.be\/wp-content\/uploads\/2020\/02\/2.jpg\"><img decoding=\"async\" loading=\"lazy\" width=\"1500\" height=\"1004\" src=\"http:\/\/sablage-titeux.be\/wp-content\/uploads\/2020\/02\/2.jpg\" alt=\"\" data-id=\"42\" data-full-url=\"http:\/\/sablage-titeux.be\/wp-content\/uploads\/2020\/02\/2.jpg\" data-link=\"http:\/\/sablage-titeux.be\/?attachment_id=42\" class=\"wp-image-42\" srcset=\"https:\/\/sablage-titeux.be\/wp-content\/uploads\/2020\/02\/2.jpg 1500w, https:\/\/sablage-titeux.be\/wp-content\/uploads\/2020\/02\/2-300x201.jpg 300w, https:\/\/sablage-titeux.be\/wp-content\/uploads\/2020\/02\/2-768x514.jpg 768w, https:\/\/sablage-titeux.be\/wp-content\/uploads\/2020\/02\/2-448x300.jpg 448w\" sizes=\"(max-width: 1500px) 100vw, 1500px\" \/><\/a><\/figure><\/li><li class=\"blocks-gallery-item\"><figure><a href=\"http:\/\/sablage-titeux.be\/wp-content\/uploads\/2020\/02\/4.jpg\"><img decoding=\"async\" loading=\"lazy\" width=\"1500\" height=\"1004\" src=\"http:\/\/sablage-titeux.be\/wp-content\/uploads\/2020\/02\/4.jpg\" alt=\"\" data-id=\"43\" data-full-url=\"http:\/\/sablage-titeux.be\/wp-content\/uploads\/2020\/02\/4.jpg\" data-link=\"http:\/\/sablage-titeux.be\/?attachment_id=43\" class=\"wp-image-43\" srcset=\"https:\/\/sablage-titeux.be\/wp-content\/uploads\/2020\/02\/4.jpg 1500w, https:\/\/sablage-titeux.be\/wp-content\/uploads\/2020\/02\/4-300x201.jpg 300w, https:\/\/sablage-titeux.be\/wp-content\/uploads\/2020\/02\/4-768x514.jpg 768w, https:\/\/sablage-titeux.be\/wp-content\/uploads\/2020\/02\/4-448x300.jpg 448w\" sizes=\"(max-width: 1500px) 100vw, 1500px\" \/><\/a><\/figure><\/li><\/ul><\/figure>\n\n\n\n<p class=\"has-text-align-center\">Vid\u00e9o \u00ab\u00a0TimeLaps\u00a0\u00bb d&rsquo;une r\u00e9novation de fa\u00e7ade en pierre du pays<\/p>\n\n\n\n<figure class=\"wp-block-embed-youtube aligncenter wp-block-embed is-type-video is-provider-youtube wp-embed-aspect-16-9 wp-has-aspect-ratio\"><div class=\"wp-block-embed__wrapper\">\n<iframe loading=\"lazy\" title=\"D\u00e9mo 2020\" width=\"584\" height=\"329\" src=\"https:\/\/www.youtube.com\/embed\/4l15rQUVG_c?feature=oembed\" frameborder=\"0\" allow=\"accelerometer; autoplay; encrypted-media; gyroscope; picture-in-picture\" allowfullscreen><\/iframe>\n<\/div><\/figure>\n","protected":false},"excerpt":{"rendered":"<p>Vos murs ont \u00e9t\u00e9 peints, votre garage annex\u00e9 est en bloc ? Voici ce que nous pouvons faire \ud83d\ude42 Vid\u00e9o \u00ab\u00a0TimeLaps\u00a0\u00bb d&rsquo;une r\u00e9novation de fa\u00e7ade en pierre du pays<\/p>\n","protected":false},"author":1,"featured_media":0,"parent":0,"menu_order":0,"comment_status":"closed","ping_status":"closed","template":"","meta":[],"_links":{"self":[{"href":"https:\/\/sablage-titeux.be\/index.php?rest_route=\/wp\/v2\/pages\/38"}],"collection":[{"href":"https:\/\/sablage-titeux.be\/index.php?rest_route=\/wp\/v2\/pages"}],"about":[{"href":"https:\/\/sablage-titeux.be\/index.php?rest_route=\/wp\/v2\/types\/page"}],"author":[{"embeddable":true,"href":"https:\/\/sablage-titeux.be\/index.php?rest_route=\/wp\/v2\/users\/1"}],"replies":[{"embeddable":true,"href":"https:\/\/sablage-titeux.be\/index.php?rest_route=%2Fwp%2Fv2%2Fcomments&post=38"}],"version-history":[{"count":11,"href":"https:\/\/sablage-titeux.be\/index.php?rest_route=\/wp\/v2\/pages\/38\/revisions"}],"predecessor-version":[{"id":56,"href":"https:\/\/sablage-titeux.be\/index.php?rest_route=\/wp\/v2\/pages\/38\/revisions\/56"}],"wp:attachment":[{"href":"https:\/\/sablage-titeux.be\/index.php?rest_route=%2Fwp%2Fv2%2Fmedia&parent=38"}],"curies":[{"name":"wp","href":"https:\/\/api.w.org\/{rel}","templated":true}]}}