{"id":22,"date":"2020-02-14T23:58:45","date_gmt":"2020-02-14T22:58:45","guid":{"rendered":"http:\/\/sablage-titeux.be\/?page_id=22"},"modified":"2020-02-15T11:15:48","modified_gmt":"2020-02-15T10:15:48","slug":"depuis-1972","status":"publish","type":"page","link":"https:\/\/sablage-titeux.be\/","title":{"rendered":"Depuis 1972"},"content":{"rendered":"\n<p>Christian Titeux et son fils Christophe, vous proposent leur exp\u00e9rience en mati\u00e8re de r\u00e9novation de fa\u00e7ades.<\/p>\n\n\n\n<p>Que vos murs soient en pierres du pays, pierres de gr\u00e8s, pierres bleues, vieilles briques ou encore recouvert d&rsquo;un cr\u00e9pis, notre entreprise redonnera sa splendeur d&rsquo;antan \u00e0 votre b\u00e2timent.<\/p>\n\n\n\n<p>Notre \u00e9quipe prendra en charge la totalit\u00e9 de l\u2019\u0153uvre, allant du placement de l\u2019\u00e9chafaudage \u00e0 la pose d&rsquo;un hydrofuge en passant par la protection de vos portes et ch\u00e2ssis, le sablage, le rejointoyage, ainsi que divers travaux de r\u00e9paration et de remplacement de pierres ou briques.<\/p>\n\n\n\n<p>Choisir Titeux &amp; Fils, c&rsquo;est s&rsquo;assurer un travail de qualit\u00e9 effectu\u00e9 par des professionnels sp\u00e9cialis\u00e9s dans la r\u00e9novation de fa\u00e7ades depuis plus de 40 ans !<\/p>\n\n\n\n<figure class=\"wp-block-image size-large\"><img decoding=\"async\" loading=\"lazy\" width=\"1024\" height=\"489\" src=\"http:\/\/sablage-titeux.be\/wp-content\/uploads\/2020\/02\/received_546344182390934-1024x489.jpeg\" alt=\"\" class=\"wp-image-33\" srcset=\"https:\/\/sablage-titeux.be\/wp-content\/uploads\/2020\/02\/received_546344182390934-1024x489.jpeg 1024w, https:\/\/sablage-titeux.be\/wp-content\/uploads\/2020\/02\/received_546344182390934-300x143.jpeg 300w, https:\/\/sablage-titeux.be\/wp-content\/uploads\/2020\/02\/received_546344182390934-768x366.jpeg 768w, https:\/\/sablage-titeux.be\/wp-content\/uploads\/2020\/02\/received_546344182390934-1536x733.jpeg 1536w, https:\/\/sablage-titeux.be\/wp-content\/uploads\/2020\/02\/received_546344182390934-500x239.jpeg 500w, https:\/\/sablage-titeux.be\/wp-content\/uploads\/2020\/02\/received_546344182390934.jpeg 2048w\" sizes=\"(max-width: 1024px) 100vw, 1024px\" \/><\/figure>\n\n\n\n<p><\/p>\n","protected":false},"excerpt":{"rendered":"<p>Christian Titeux et son fils Christophe, vous proposent leur exp\u00e9rience en mati\u00e8re de r\u00e9novation de fa\u00e7ades. Que vos murs soient en pierres du pays, pierres de gr\u00e8s, pierres bleues, vieilles briques ou encore recouvert d&rsquo;un cr\u00e9pis, notre entreprise redonnera sa &hellip; <a href=\"https:\/\/sablage-titeux.be\/\">Continuer la lecture <span class=\"meta-nav\">&rarr;<\/span><\/a><\/p>\n","protected":false},"author":1,"featured_media":0,"parent":0,"menu_order":0,"comment_status":"closed","ping_status":"closed","template":"","meta":[],"_links":{"self":[{"href":"https:\/\/sablage-titeux.be\/index.php?rest_route=\/wp\/v2\/pages\/22"}],"collection":[{"href":"https:\/\/sablage-titeux.be\/index.php?rest_route=\/wp\/v2\/pages"}],"about":[{"href":"https:\/\/sablage-titeux.be\/index.php?rest_route=\/wp\/v2\/types\/page"}],"author":[{"embeddable":true,"href":"https:\/\/sablage-titeux.be\/index.php?rest_route=\/wp\/v2\/users\/1"}],"replies":[{"embeddable":true,"href":"https:\/\/sablage-titeux.be\/index.php?rest_route=%2Fwp%2Fv2%2Fcomments&post=22"}],"version-history":[{"count":7,"href":"https:\/\/sablage-titeux.be\/index.php?rest_route=\/wp\/v2\/pages\/22\/revisions"}],"predecessor-version":[{"id":37,"href":"https:\/\/sablage-titeux.be\/index.php?rest_route=\/wp\/v2\/pages\/22\/revisions\/37"}],"wp:attachment":[{"href":"https:\/\/sablage-titeux.be\/index.php?rest_route=%2Fwp%2Fv2%2Fmedia&parent=22"}],"curies":[{"name":"wp","href":"https:\/\/api.w.org\/{rel}","templated":true}]}}